{"id":1222,"date":"2026-03-09T09:11:10","date_gmt":"2026-03-09T08:11:10","guid":{"rendered":"https:\/\/supporthomedical.nl\/actualites-mises-a-jour\/"},"modified":"2026-03-23T09:17:38","modified_gmt":"2026-03-23T08:17:38","slug":"actualites-mises-a-jour","status":"publish","type":"page","link":"https:\/\/supporthomedical.nl\/fr\/actualites-mises-a-jour\/","title":{"rendered":"Actualit\u00e9s &amp; mises \u00e0 jour"},"content":{"rendered":"\t\t<div data-elementor-type=\"wp-page\" data-elementor-id=\"1222\" class=\"elementor elementor-1222 elementor-923\" data-elementor-post-type=\"page\">\n\t\t\t\t<div class=\"elementor-element elementor-element-ba64e16 e-flex e-con-boxed e-con e-parent\" data-id=\"ba64e16\" data-element_type=\"container\" data-e-type=\"container\">\n\t\t\t\t\t<div class=\"e-con-inner\">\n\t\t\t\t<div class=\"elementor-element elementor-element-4e8c33d elementor-grid-2 elementor-grid-tablet-2 elementor-grid-mobile-1 elementor-posts--thumbnail-top elementor-card-shadow-yes elementor-posts__hover-gradient elementor-widget elementor-widget-posts\" data-id=\"4e8c33d\" data-element_type=\"widget\" data-e-type=\"widget\" data-settings=\"{&quot;cards_columns&quot;:&quot;2&quot;,&quot;cards_columns_tablet&quot;:&quot;2&quot;,&quot;cards_columns_mobile&quot;:&quot;1&quot;,&quot;cards_row_gap&quot;:{&quot;unit&quot;:&quot;px&quot;,&quot;size&quot;:35,&quot;sizes&quot;:[]},&quot;cards_row_gap_tablet&quot;:{&quot;unit&quot;:&quot;px&quot;,&quot;size&quot;:&quot;&quot;,&quot;sizes&quot;:[]},&quot;cards_row_gap_mobile&quot;:{&quot;unit&quot;:&quot;px&quot;,&quot;size&quot;:&quot;&quot;,&quot;sizes&quot;:[]}}\" data-widget_type=\"posts.cards\">\n\t\t\t\t<div class=\"elementor-widget-container\">\n\t\t\t\t\t\t\t<div class=\"elementor-posts-container elementor-posts elementor-posts--skin-cards elementor-grid\" role=\"list\">\n\t\t\t\t<article class=\"elementor-post elementor-grid-item post-1240 post type-post status-publish format-standard has-post-thumbnail hentry category-non-classe\" role=\"listitem\">\n\t\t\t<div class=\"elementor-post__card\">\n\t\t\t\t<a class=\"elementor-post__thumbnail__link\" href=\"https:\/\/supporthomedical.nl\/fr\/innovations-en-arthrose-et-preservation-articulaire\/\" tabindex=\"-1\" ><div class=\"elementor-post__thumbnail\"><img fetchpriority=\"high\" decoding=\"async\" width=\"300\" height=\"167\" src=\"https:\/\/supporthomedical.nl\/wp-content\/uploads\/2026\/03\/nieuwsbrief-maart-300x167.webp\" class=\"attachment-medium size-medium wp-image-1241\" alt=\"Medische visualisatie van een natuurlijk kniegewricht met moleculaire structuren voor regeneratieve artrosebehandeling en silhouetten van oefentherapie op de achtergrond.\" srcset=\"https:\/\/supporthomedical.nl\/wp-content\/uploads\/2026\/03\/nieuwsbrief-maart-300x167.webp 300w, https:\/\/supporthomedical.nl\/wp-content\/uploads\/2026\/03\/nieuwsbrief-maart-1024x572.webp 1024w, https:\/\/supporthomedical.nl\/wp-content\/uploads\/2026\/03\/nieuwsbrief-maart-768x429.webp 768w, https:\/\/supporthomedical.nl\/wp-content\/uploads\/2026\/03\/nieuwsbrief-maart-1536x857.webp 1536w, https:\/\/supporthomedical.nl\/wp-content\/uploads\/2026\/03\/nieuwsbrief-maart-2048x1143.webp 2048w\" sizes=\"(max-width: 300px) 100vw, 300px\" \/><\/div><\/a>\n\t\t\t\t<div class=\"elementor-post__text\">\n\t\t\t\t<h2 class=\"elementor-post__title\">\n\t\t\t<a href=\"https:\/\/supporthomedical.nl\/fr\/innovations-en-arthrose-et-preservation-articulaire\/\" >\n\t\t\t\tInnovations en arthrose et pr\u00e9servation articulaire\t\t\t<\/a>\n\t\t<\/h2>\n\t\t\t\t<div class=\"elementor-post__excerpt\">\n\t\t\t<p>La nouvelle r\u00e9alit\u00e9 des soins de l\u2019arthrose Newsletter pour les m\u00e9decins int\u00e9ress\u00e9s par l\u2019orthop\u00e9die r\u00e9g\u00e9n\u00e9rative, mars 2026 Le traitement de la gonarthrose est \u00e0 un<\/p>\n\t\t<\/div>\n\t\t\n\t\t<a class=\"elementor-post__read-more\" href=\"https:\/\/supporthomedical.nl\/fr\/innovations-en-arthrose-et-preservation-articulaire\/\" aria-label=\"En savoir plus sur Innovations en arthrose et pr\u00e9servation articulaire\" tabindex=\"-1\" >\n\t\t\tLIRE LA SUITE \u00bb\t\t<\/a>\n\n\t\t\t\t<\/div>\n\t\t\t\t<div class=\"elementor-post__meta-data\">\n\t\t\t\t\t<span class=\"elementor-post-date\">\n\t\t\tmars 9, 2026\t\t<\/span>\n\t\t\t\t<\/div>\n\t\t\t\t\t<\/div>\n\t\t<\/article>\n\t\t\t\t<\/div>\n\t\t\n\t\t\t\t\t\t<\/div>\n\t\t\t\t<\/div>\n\t\t\t\t\t<\/div>\n\t\t\t\t<\/div>\n\t\t\t\t<\/div>\n\t\t","protected":false},"excerpt":{"rendered":"","protected":false},"author":1,"featured_media":0,"parent":0,"menu_order":0,"comment_status":"closed","ping_status":"closed","template":"elementor_header_footer","meta":{"iawp_total_views":0,"footnotes":""},"class_list":["post-1222","page","type-page","status-publish","hentry"],"_links":{"self":[{"href":"https:\/\/supporthomedical.nl\/fr\/wp-json\/wp\/v2\/pages\/1222","targetHints":{"allow":["GET"]}}],"collection":[{"href":"https:\/\/supporthomedical.nl\/fr\/wp-json\/wp\/v2\/pages"}],"about":[{"href":"https:\/\/supporthomedical.nl\/fr\/wp-json\/wp\/v2\/types\/page"}],"author":[{"embeddable":true,"href":"https:\/\/supporthomedical.nl\/fr\/wp-json\/wp\/v2\/users\/1"}],"replies":[{"embeddable":true,"href":"https:\/\/supporthomedical.nl\/fr\/wp-json\/wp\/v2\/comments?post=1222"}],"version-history":[{"count":1,"href":"https:\/\/supporthomedical.nl\/fr\/wp-json\/wp\/v2\/pages\/1222\/revisions"}],"predecessor-version":[{"id":1223,"href":"https:\/\/supporthomedical.nl\/fr\/wp-json\/wp\/v2\/pages\/1222\/revisions\/1223"}],"wp:attachment":[{"href":"https:\/\/supporthomedical.nl\/fr\/wp-json\/wp\/v2\/media?parent=1222"}],"curies":[{"name":"wp","href":"https:\/\/api.w.org\/{rel}","templated":true}]}}