{"id":1113,"date":"2025-08-06T11:28:26","date_gmt":"2025-08-06T09:28:26","guid":{"rendered":"https:\/\/supporthomedical.nl\/a-propos\/"},"modified":"2026-03-23T09:42:56","modified_gmt":"2026-03-23T08:42:56","slug":"a-propos","status":"publish","type":"page","link":"https:\/\/supporthomedical.nl\/fr\/a-propos\/","title":{"rendered":"\u00c0 propos"},"content":{"rendered":"\t\t<div data-elementor-type=\"wp-page\" data-elementor-id=\"1113\" class=\"elementor elementor-1113 elementor-661\" data-elementor-post-type=\"page\">\n\t\t\t\t<div class=\"elementor-element elementor-element-24a6870 e-flex e-con-boxed e-con e-parent\" data-id=\"24a6870\" data-element_type=\"container\" data-e-type=\"container\">\n\t\t\t\t\t<div class=\"e-con-inner\">\n\t\t\t\t<div class=\"elementor-element elementor-element-5f7eb3b elementor-widget elementor-widget-heading\" data-id=\"5f7eb3b\" data-element_type=\"widget\" data-e-type=\"widget\" data-widget_type=\"heading.default\">\n\t\t\t\t<div class=\"elementor-widget-container\">\n\t\t\t\t\t<h2 class=\"elementor-heading-title elementor-size-default\">\u00c0 propos <\/h2>\t\t\t\t<\/div>\n\t\t\t\t<\/div>\n\t\t\t\t\t<\/div>\n\t\t\t\t<\/div>\n\t\t<div class=\"elementor-element elementor-element-085d722 e-flex e-con-boxed e-con e-parent\" data-id=\"085d722\" data-element_type=\"container\" data-e-type=\"container\">\n\t\t\t\t\t<div class=\"e-con-inner\">\n\t\t<div class=\"elementor-element elementor-element-b1645fa e-con-full e-flex e-con e-child\" data-id=\"b1645fa\" data-element_type=\"container\" data-e-type=\"container\">\n\t\t<div class=\"elementor-element elementor-element-5e8758c e-con-full e-flex e-con e-child\" data-id=\"5e8758c\" data-element_type=\"container\" data-e-type=\"container\" data-settings=\"{&quot;background_background&quot;:&quot;classic&quot;}\">\n\t\t\t\t<div class=\"elementor-element elementor-element-92e023b elementor-widget elementor-widget-image\" data-id=\"92e023b\" data-element_type=\"widget\" data-e-type=\"widget\" data-widget_type=\"image.default\">\n\t\t\t\t<div class=\"elementor-widget-container\">\n\t\t\t\t\t\t\t\t\t\t\t\t\t\t\t<img fetchpriority=\"high\" decoding=\"async\" width=\"536\" height=\"506\" src=\"https:\/\/supporthomedical.nl\/wp-content\/uploads\/2025\/09\/Paul-foto-2.png\" class=\"attachment-medium_large size-medium_large wp-image-1114\" alt=\"\" srcset=\"https:\/\/supporthomedical.nl\/wp-content\/uploads\/2025\/09\/Paul-foto-2.png 536w, https:\/\/supporthomedical.nl\/wp-content\/uploads\/2025\/09\/Paul-foto-2-300x283.png 300w\" sizes=\"(max-width: 536px) 100vw, 536px\" \/>\t\t\t\t\t\t\t\t\t\t\t\t\t\t\t<\/div>\n\t\t\t\t<\/div>\n\t\t\t\t<\/div>\n\t\t<div class=\"elementor-element elementor-element-8ddd797 e-con-full e-flex e-con e-child\" data-id=\"8ddd797\" data-element_type=\"container\" data-e-type=\"container\">\n\t\t\t\t<div class=\"elementor-element elementor-element-0d70d86 elementor-widget elementor-widget-heading\" data-id=\"0d70d86\" data-element_type=\"widget\" data-e-type=\"widget\" data-widget_type=\"heading.default\">\n\t\t\t\t<div class=\"elementor-widget-container\">\n\t\t\t\t\t<h2 class=\"elementor-heading-title elementor-size-default\">Paul van der Wielen<\/h2>\t\t\t\t<\/div>\n\t\t\t\t<\/div>\n\t\t\t\t<div class=\"elementor-element elementor-element-31f8696 elementor-widget elementor-widget-text-editor\" data-id=\"31f8696\" data-element_type=\"widget\" data-e-type=\"widget\" data-widget_type=\"text-editor.default\">\n\t\t\t\t<div class=\"elementor-widget-container\">\n\t\t\t\t\t\t\t\t\t<p class=\"p1\">Ma passion pour l&rsquo;activit\u00e9 physique et la sant\u00e9 remonte \u00e0 mon plus jeune \u00e2ge. Apr\u00e8s avoir suivi des \u00e9tudes en sciences du mouvement (\u00e0 l&rsquo;universit\u00e9 libre d&rsquo;Amsterdam) et en kin\u00e9sith\u00e9rapie (\u00e0 Fontys Eindhoven), je me suis sp\u00e9cialis\u00e9, dans le cadre de mon master, dans la recherche sur les l\u00e9sions du ligament crois\u00e9 ant\u00e9rieur et les techniques chirurgicales. <\/p><p class=\"p1\">Apr\u00e8s mes \u00e9tudes, j&rsquo;ai entam\u00e9 une carri\u00e8re dans le secteur orthop\u00e9dique, o\u00f9 j&rsquo;ai travaill\u00e9 pendant plus de 25 ans dans le d\u00e9veloppement de produits, la production et la commercialisation, notamment de proth\u00e8ses de hanche et de genou et de biomat\u00e9riaux de pointe. Je me consacre d\u00e9sormais enti\u00e8rement \u00e0 l&rsquo;orthop\u00e9die pr\u00e9ventive et non chirurgicale. Avec Evert-Jan et Ton, j&rsquo;\u00e9tudie des solutions alternatives qui aident les patients \u00e0 rester actifs et \u00e0 ne pas souffrir plus longtemps, sans recourir \u00e0 des op\u00e9rations inutiles.  <\/p>\t\t\t\t\t\t\t\t<\/div>\n\t\t\t\t<\/div>\n\t\t\t\t<\/div>\n\t\t\t\t<\/div>\n\t\t<div class=\"elementor-element elementor-element-f9634b0 e-con-full e-flex e-con e-child\" data-id=\"f9634b0\" data-element_type=\"container\" data-e-type=\"container\">\n\t\t<div class=\"elementor-element elementor-element-a616c6b e-con-full e-flex e-con e-child\" data-id=\"a616c6b\" data-element_type=\"container\" data-e-type=\"container\">\n\t\t\t\t<div class=\"elementor-element elementor-element-2237b10 elementor-widget elementor-widget-heading\" data-id=\"2237b10\" data-element_type=\"widget\" data-e-type=\"widget\" data-widget_type=\"heading.default\">\n\t\t\t\t<div class=\"elementor-widget-container\">\n\t\t\t\t\t<h2 class=\"elementor-heading-title elementor-size-default\">Ton Grimminck<\/h2>\t\t\t\t<\/div>\n\t\t\t\t<\/div>\n\t\t\t\t<div class=\"elementor-element elementor-element-5e4bfdb elementor-widget elementor-widget-text-editor\" data-id=\"5e4bfdb\" data-element_type=\"widget\" data-e-type=\"widget\" data-widget_type=\"text-editor.default\">\n\t\t\t\t<div class=\"elementor-widget-container\">\n\t\t\t\t\t\t\t\t\t<p style=\"font-weight: 400;\">Je suis anim\u00e9 par l&rsquo;innovation et les solutions qui am\u00e9liorent directement la qualit\u00e9 de vie. C&rsquo;est ce que nous visons avec Supportho Medical. Gr\u00e2ce \u00e0 la pr\u00e9vention et aux technologies innovantes, nous pouvons faire la diff\u00e9rence pour de nombreuses personnes.  <\/p><p style=\"font-weight: 400;\">Une vie agr\u00e9able repose souvent sur la libert\u00e9, l&rsquo;\u00e9nergie et le plaisir sans limites. Les interventions m\u00e9dicales \u2013 telles que les op\u00e9rations, les hospitalisations ou les traitements de longue dur\u00e9e \u2013 peuvent consid\u00e9rablement perturber ce rythme. <\/p><p style=\"font-weight: 400;\">En misant sur la pr\u00e9vention et les technologies innovantes, vous augmentez vos chances de rester en bonne sant\u00e9 plus longtemps et d&rsquo;\u00e9viter les interventions m\u00e9dicales, ou du moins de les repousser \u00e0 plus tard. Cela signifie : <\/p><ul style=\"font-weight: 400;\"><li>Plus d&rsquo;\u00e9nergie et de libert\u00e9 pour faire ce qui te pla\u00eet,<\/li><li>Moins de douleur et d&rsquo;inconfort,<\/li><li>Moins de stress li\u00e9 \u00e0 la sant\u00e9 et aux soins,<\/li><li>Souvent aussi une vie plus longue et plus heureuse.<\/li><\/ul><p style=\"font-weight: 400;\"> <\/p><p style=\"font-weight: 400;\">Je vous le souhaite sinc\u00e8rement.<\/p>\t\t\t\t\t\t\t\t<\/div>\n\t\t\t\t<\/div>\n\t\t\t\t<\/div>\n\t\t<div class=\"elementor-element elementor-element-0490f3d e-con-full e-flex e-con e-child\" data-id=\"0490f3d\" data-element_type=\"container\" data-e-type=\"container\" data-settings=\"{&quot;background_background&quot;:&quot;classic&quot;}\">\n\t\t\t\t<div class=\"elementor-element elementor-element-36ea687 elementor-widget elementor-widget-image\" data-id=\"36ea687\" data-element_type=\"widget\" data-e-type=\"widget\" data-widget_type=\"image.default\">\n\t\t\t\t<div class=\"elementor-widget-container\">\n\t\t\t\t\t\t\t\t\t\t\t\t\t\t\t<img decoding=\"async\" width=\"768\" height=\"1152\" src=\"https:\/\/supporthomedical.nl\/wp-content\/uploads\/2025\/09\/TG-foto-2025-768x1152.png\" class=\"attachment-medium_large size-medium_large wp-image-862\" alt=\"\" srcset=\"https:\/\/supporthomedical.nl\/wp-content\/uploads\/2025\/09\/TG-foto-2025-768x1152.png 768w, https:\/\/supporthomedical.nl\/wp-content\/uploads\/2025\/09\/TG-foto-2025-200x300.png 200w, https:\/\/supporthomedical.nl\/wp-content\/uploads\/2025\/09\/TG-foto-2025-683x1024.png 683w, https:\/\/supporthomedical.nl\/wp-content\/uploads\/2025\/09\/TG-foto-2025.png 1024w\" sizes=\"(max-width: 768px) 100vw, 768px\" \/>\t\t\t\t\t\t\t\t\t\t\t\t\t\t\t<\/div>\n\t\t\t\t<\/div>\n\t\t\t\t<\/div>\n\t\t\t\t<\/div>\n\t\t<div class=\"elementor-element elementor-element-0d26133 e-con-full e-flex e-con e-child\" data-id=\"0d26133\" data-element_type=\"container\" data-e-type=\"container\">\n\t\t<div class=\"elementor-element elementor-element-64e4af8 e-con-full e-flex e-con e-child\" data-id=\"64e4af8\" data-element_type=\"container\" data-e-type=\"container\" data-settings=\"{&quot;background_background&quot;:&quot;classic&quot;}\">\n\t\t\t\t<\/div>\n\t\t<div class=\"elementor-element elementor-element-721c024 e-con-full e-flex e-con e-child\" data-id=\"721c024\" data-element_type=\"container\" data-e-type=\"container\">\n\t\t\t\t<div class=\"elementor-element elementor-element-900a2e1 elementor-widget elementor-widget-heading\" data-id=\"900a2e1\" data-element_type=\"widget\" data-e-type=\"widget\" data-widget_type=\"heading.default\">\n\t\t\t\t<div class=\"elementor-widget-container\">\n\t\t\t\t\t<h2 class=\"elementor-heading-title elementor-size-default\">Evert-Jan van der Kamp<\/h2>\t\t\t\t<\/div>\n\t\t\t\t<\/div>\n\t\t\t\t<div class=\"elementor-element elementor-element-23a0768 elementor-widget elementor-widget-text-editor\" data-id=\"23a0768\" data-element_type=\"widget\" data-e-type=\"widget\" data-widget_type=\"text-editor.default\">\n\t\t\t\t<div class=\"elementor-widget-container\">\n\t\t\t\t\t\t\t\t\t<p>Avec Supportho Medical, je souhaite me rapprocher encore davantage du m\u00e9decin et du patient et r\u00e9fl\u00e9chir avec eux aux probl\u00e8mes auxquels ils sont confront\u00e9s au quotidien. \u00ab\u00a0Votre probl\u00e8me est (aussi) notre d\u00e9fi.\u00a0\u00bb Gr\u00e2ce \u00e0 notre volont\u00e9 d&rsquo;innovation, je cherche toujours \u00e0 m&rsquo;am\u00e9liorer, car \u00ab on peut toujours faire mieux et les choses ne cesseront de s&rsquo;am\u00e9liorer \u00bb.<\/p><p>Un bon exemple est l&rsquo;Arthrosamid, un hydrogel d&rsquo;acrylamide destin\u00e9 au traitement de l&rsquo;arthrose. Ce traitement peut permettre une am\u00e9lioration fonctionnelle en cas d&rsquo;arthrose, ainsi qu&rsquo;une diminution de la douleur et du gonflement, souvent d\u00e8s la premi\u00e8re injection. Comme nous le constatons aujourd&rsquo;hui, cette am\u00e9lioration dure entre trois et cinq ans. C&rsquo;est presque trop beau pour \u00eatre vrai, mais ce qui me rend vraiment heureux et qui me motive, ce sont les t\u00e9moignages reconnaissants de personnes atteintes d&rsquo;arthrose qui ont suivi un traitement et qui racontent comment une innovation contribue \u00e0 am\u00e9liorer durablement leur qualit\u00e9 de vie.   <\/p>\t\t\t\t\t\t\t\t<\/div>\n\t\t\t\t<\/div>\n\t\t\t\t<\/div>\n\t\t\t\t<\/div>\n\t\t\t\t\t<\/div>\n\t\t\t\t<\/div>\n\t\t\t\t<\/div>\n\t\t","protected":false},"excerpt":{"rendered":"<p>\u00c0 propos Paul van der Wielen Ma passion pour l&rsquo;activit\u00e9 physique et la sant\u00e9 remonte \u00e0 mon plus jeune \u00e2ge. Apr\u00e8s avoir suivi des \u00e9tudes en sciences du mouvement (\u00e0 l&rsquo;universit\u00e9 libre d&rsquo;Amsterdam) et en kin\u00e9sith\u00e9rapie (\u00e0 Fontys Eindhoven), je me suis sp\u00e9cialis\u00e9, dans le cadre de mon master, dans la recherche sur les l\u00e9sions [&hellip;]<\/p>\n","protected":false},"author":1,"featured_media":0,"parent":0,"menu_order":0,"comment_status":"closed","ping_status":"closed","template":"elementor_header_footer","meta":{"iawp_total_views":0,"footnotes":""},"class_list":["post-1113","page","type-page","status-publish","hentry"],"_links":{"self":[{"href":"https:\/\/supporthomedical.nl\/fr\/wp-json\/wp\/v2\/pages\/1113","targetHints":{"allow":["GET"]}}],"collection":[{"href":"https:\/\/supporthomedical.nl\/fr\/wp-json\/wp\/v2\/pages"}],"about":[{"href":"https:\/\/supporthomedical.nl\/fr\/wp-json\/wp\/v2\/types\/page"}],"author":[{"embeddable":true,"href":"https:\/\/supporthomedical.nl\/fr\/wp-json\/wp\/v2\/users\/1"}],"replies":[{"embeddable":true,"href":"https:\/\/supporthomedical.nl\/fr\/wp-json\/wp\/v2\/comments?post=1113"}],"version-history":[{"count":3,"href":"https:\/\/supporthomedical.nl\/fr\/wp-json\/wp\/v2\/pages\/1113\/revisions"}],"predecessor-version":[{"id":1234,"href":"https:\/\/supporthomedical.nl\/fr\/wp-json\/wp\/v2\/pages\/1113\/revisions\/1234"}],"wp:attachment":[{"href":"https:\/\/supporthomedical.nl\/fr\/wp-json\/wp\/v2\/media?parent=1113"}],"curies":[{"name":"wp","href":"https:\/\/api.w.org\/{rel}","templated":true}]}}