{"id":1068,"date":"2025-09-22T09:24:33","date_gmt":"2025-09-22T07:24:33","guid":{"rendered":"https:\/\/supporthomedical.nl\/privacyverklaring\/"},"modified":"2026-03-18T09:41:58","modified_gmt":"2026-03-18T08:41:58","slug":"privacyverklaring","status":"publish","type":"page","link":"https:\/\/supporthomedical.nl\/fr\/privacyverklaring\/","title":{"rendered":"Privacyverklaring"},"content":{"rendered":"\t\t<div data-elementor-type=\"wp-page\" data-elementor-id=\"1068\" class=\"elementor elementor-1068 elementor-854\" data-elementor-post-type=\"page\">\n\t\t\t\t<div class=\"elementor-element elementor-element-c394244 e-flex e-con-boxed e-con e-parent\" data-id=\"c394244\" data-element_type=\"container\" data-e-type=\"container\">\n\t\t\t\t\t<div class=\"e-con-inner\">\n\t\t\t\t<div class=\"elementor-element elementor-element-20da661 elementor-widget elementor-widget-heading\" data-id=\"20da661\" data-element_type=\"widget\" data-e-type=\"widget\" data-widget_type=\"heading.default\">\n\t\t\t\t<div class=\"elementor-widget-container\">\n\t\t\t\t\t<h1 class=\"elementor-heading-title elementor-size-default\">D\u00e9claration de confidentialit\u00e9 de Supportho Medical BV\n<\/h1>\t\t\t\t<\/div>\n\t\t\t\t<\/div>\n\t\t\t\t<div class=\"elementor-element elementor-element-44fae29 elementor-widget elementor-widget-text-editor\" data-id=\"44fae29\" data-element_type=\"widget\" data-e-type=\"widget\" data-widget_type=\"text-editor.default\">\n\t\t\t\t<div class=\"elementor-widget-container\">\n\t\t\t\t\t\t\t\t\t<p class=\"p1\"><b>Qui nous sommes<\/b><b><\/b><\/p><p class=\"p2\">Supportho Medical BV, Terminalweg 19a, 3821 AJ Amersfoort (KvK 74934058). Contact : info@supporthomedical.nl.<\/p><p class=\"p1\"><b>Quelles donn\u00e9es<\/b><b><\/b><\/p><p class=\"p2\">Via notre formulaire de contact, nous traitons votre nom, votre adresse e-mail et votre message. Votre adresse IP peut \u00eatre enregistr\u00e9e techniquement par le fournisseur dh\u00e9bergement \u00e0 des fins de s\u00e9curit\u00e9.<\/p><p class=\"p1\"><b>Pourquoi nous utilisons ces donn\u00e9es<\/b><b><\/b><\/p><p class=\"p2\">Nous utilisons vos donn\u00e9es pour r\u00e9pondre \u00e0 votre question et pour vous contacter. Nous nutilisons pas vos donn\u00e9es \u00e0 des fins de marketing, sauf si vous y consentez explicitement.<\/p><p class=\"p1\"><b>Base juridique <\/b><\/p><p class=\"p1\"><b><\/b>Le traitement est effectu\u00e9 sur la base de votre consentement (lenvoi du formulaire) et de notre int\u00e9r\u00eat l\u00e9gitime \u00e0 pouvoir vous aider.<\/p><p class=\"p1\"><b>Dur\u00e9e de conservation<\/b><b><\/b><\/p><p class=\"p2\">Nous conservons votre message pendant une dur\u00e9e maximale de 2 ans, \u00e0 moins quune p\u00e9riode plus longue ne soit l\u00e9galement requise ou n\u00e9cessaire.<\/p><p class=\"p1\"><b>Partage avec des tiers<\/b><b><\/b><\/p><p class=\"p2\">Vos donn\u00e9es ne sont partag\u00e9es quavec des parties qui nous soutiennent techniquement (telles que lh\u00e9bergement ou le-mail). Nous avons conclu des accords de traitement avec ces derniers.<\/p><p class=\"p1\"><b>S\u00e9curit\u00e9<\/b><b><\/b><\/p><p class=\"p2\">Nous s\u00e9curisons vos donn\u00e9es par des mesures techniques et organisationnelles appropri\u00e9es.<\/p><p class=\"p1\"><b>Vos droits<\/b><b><\/b><\/p><p class=\"p2\">Vous disposez dun droit dacc\u00e8s, de rectification et de suppression de vos donn\u00e9es. Pour ce faire, veuillez nous contacter via info@supporthomedical.nl.<\/p><p class=\"p1\"><b>R\u00e9clamations<\/b><b><\/b><\/p><p class=\"p2\">Si vous avez une r\u00e9clamation, vous pouvez vous adresser \u00e0 lAutorit\u00e9 de protection des donn\u00e9es (www.autoriteitpersoonsgegevens.nl).<\/p>\t\t\t\t\t\t\t\t<\/div>\n\t\t\t\t<\/div>\n\t\t\t\t\t<\/div>\n\t\t\t\t<\/div>\n\t\t\t\t<\/div>\n\t\t","protected":false},"excerpt":{"rendered":"<p>D\u00e9claration de confidentialit\u00e9 de Supportho Medical BV Qui nous sommes Supportho Medical BV, Terminalweg 19a, 3821 AJ Amersfoort (KvK 74934058). Contact : info@supporthomedical.nl. Quelles donn\u00e9es Via notre formulaire de contact, nous traitons votre nom, votre adresse e-mail et votre message. Votre adresse IP peut \u00eatre enregistr\u00e9e techniquement par le fournisseur dh\u00e9bergement \u00e0 des fins de [&hellip;]<\/p>\n","protected":false},"author":1,"featured_media":0,"parent":0,"menu_order":0,"comment_status":"closed","ping_status":"closed","template":"elementor_header_footer","meta":{"iawp_total_views":0,"footnotes":""},"class_list":["post-1068","page","type-page","status-publish","hentry"],"_links":{"self":[{"href":"https:\/\/supporthomedical.nl\/fr\/wp-json\/wp\/v2\/pages\/1068","targetHints":{"allow":["GET"]}}],"collection":[{"href":"https:\/\/supporthomedical.nl\/fr\/wp-json\/wp\/v2\/pages"}],"about":[{"href":"https:\/\/supporthomedical.nl\/fr\/wp-json\/wp\/v2\/types\/page"}],"author":[{"embeddable":true,"href":"https:\/\/supporthomedical.nl\/fr\/wp-json\/wp\/v2\/users\/1"}],"replies":[{"embeddable":true,"href":"https:\/\/supporthomedical.nl\/fr\/wp-json\/wp\/v2\/comments?post=1068"}],"version-history":[{"count":1,"href":"https:\/\/supporthomedical.nl\/fr\/wp-json\/wp\/v2\/pages\/1068\/revisions"}],"predecessor-version":[{"id":1069,"href":"https:\/\/supporthomedical.nl\/fr\/wp-json\/wp\/v2\/pages\/1068\/revisions\/1069"}],"wp:attachment":[{"href":"https:\/\/supporthomedical.nl\/fr\/wp-json\/wp\/v2\/media?parent=1068"}],"curies":[{"name":"wp","href":"https:\/\/api.w.org\/{rel}","templated":true}]}}